{"id":875,"date":"2025-12-19T11:03:06","date_gmt":"2025-12-19T10:03:06","guid":{"rendered":"https:\/\/fundaciondoblesonrisa.com\/web2025\/?page_id=875"},"modified":"2025-12-23T09:25:35","modified_gmt":"2025-12-23T08:25:35","slug":"el-ensayadero","status":"publish","type":"page","link":"https:\/\/fundaciondoblesonrisa.com\/web2025\/el-ensayadero\/","title":{"rendered":"El ensayadero"},"content":{"rendered":"\t\t<div data-elementor-type=\"wp-page\" data-elementor-id=\"875\" class=\"elementor elementor-875\" data-elementor-post-type=\"page\">\n\t\t\t\t<div class=\"elementor-element elementor-element-cf025f4 e-flex e-con-boxed e-con e-parent\" data-id=\"cf025f4\" data-element_type=\"container\" data-settings=\"{&quot;background_background&quot;:&quot;classic&quot;}\">\n\t\t\t\t\t<div class=\"e-con-inner\">\n\t\t\t\t<div class=\"elementor-element elementor-element-f4ac3ee elementor-widget elementor-widget-heading\" data-id=\"f4ac3ee\" data-element_type=\"widget\" data-widget_type=\"heading.default\">\n\t\t\t\t\t<h1 class=\"elementor-heading-title elementor-size-default\">El ensayadero<\/h1>\t\t\t\t<\/div>\n\t\t\t\t\t<\/div>\n\t\t\t\t<\/div>\n\t\t<div class=\"elementor-element elementor-element-51d0d98 e-con-full e-flex e-con e-parent\" data-id=\"51d0d98\" data-element_type=\"container\">\n\t\t<div class=\"elementor-element elementor-element-abc0918 e-con-full e-flex e-con e-child\" data-id=\"abc0918\" data-element_type=\"container\">\n\t\t\t\t<div class=\"elementor-element elementor-element-6e8d59a elementor-widget elementor-widget-text-editor\" data-id=\"6e8d59a\" data-element_type=\"widget\" data-widget_type=\"text-editor.default\">\n\t\t\t\t\t\t\t\t\t<p><strong style=\"color: #f28e7a; text-transform: uppercase; font-family: 'Montserrat', Sans-serif;\">El Ensayadero <\/strong>es un proyecto de inclusi\u00f3n social que utiliza la educaci\u00f3n musical como herramienta de transformaci\u00f3n para ni\u00f1os y ni\u00f1as en riesgo de exclusi\u00f3n en Vitoria-Gasteiz. Una actividad extraescolar dirigida a alumnado en situaci\u00f3n de vulnerabilidad que nace con un objetivo claro:<\/p><p><strong>\u2022 Combatir el abandono escolar<\/strong><br \/><strong>\u2022 Promover la integraci\u00f3n<\/strong><br \/><strong>\u2022 Generar nuevas oportunidades<\/strong><\/p><p>Gracias a <strong style=\"color: #f28e7a; text-transform: uppercase; font-family: 'Montserrat', Sans-serif;\">El Ensayadero<\/strong>, muchos chicos y chicas han pasado de ser protagonistas en negativo a convertirse en protagonistas en positivo en su colegio, en su entorno y, en muchos casos, tambi\u00e9n dentro de su propia familia.<\/p><p>Dentro de las escuelas se habilita <strong>una sala de <\/strong><strong>ensayo totalmente equipada, un<\/strong><strong> espacio donde aprenden a tocar instrumentos y a ensayar de forma individual <\/strong><strong>y\/o en grupo<\/strong>, con el apoyo de profesores de m\u00fasica. Un rinc\u00f3n especial dentro de la escuela donde los sue\u00f1os, el talento y el trabajo en equipo se unen para que suenen los mejores acordes.<\/p><p><strong><span style=\"color: #f28e7a; text-transform: uppercase; font-family: 'Montserrat', Sans-serif;\">El Ensayadero<\/span><\/strong>\u00a0es mucho m\u00e1s que m\u00fasica. Es <strong>inclusi\u00f3n social<\/strong>, porque utilizamos<strong> la m\u00fasica como forma de expresi\u00f3n y de integraci\u00f3n<\/strong>, rompiendo barreras culturales, sociales y de g\u00e9nero. Fomentamos la igualdad de oportunidades, impulsamos el empoderamiento personal y reforzamos la autoestima de cada participante.<\/p><p>Tambi\u00e9n es <strong>generaci\u00f3n de oportunidades<\/strong>, ya que trabajamos para <strong>evitar la desafecci\u00f3n educativa<\/strong> acerc\u00e1ndoles al mundo de la cultura y a la industria musical, mostrando <strong>posibles caminos formativos y salidas profesionales<\/strong>.<\/p><p>El proyecto se desarrolla con una metodolog\u00eda que combina:<\/p><ul><li><strong>La ense\u00f1anza musical convencional<\/strong>, con nociones b\u00e1sicas para aprender a tocar un instrumento dentro de la banda, junto a talleres complementarios (decoraci\u00f3n sala de ensayo, elecci\u00f3n del nombre, el dise\u00f1o del logo y la imagen del grupo, o la grabaci\u00f3n de su propio videoclip&#8230;).<\/li><li><strong>La educaci\u00f3n en valores<\/strong>, donde se trabaja el trabajo en equipo, el esfuerzo y la autosuperaci\u00f3n, el respeto y la tolerancia hacia los compa\u00f1eros y las compa\u00f1eras, la disciplina y el compromiso en el trabajo, ect.<\/li><\/ul><p><br \/>Las bandas de <strong style=\"color: #f28e7a; text-transform: uppercase; font-family: 'Montserrat', Sans-serif;\">El Ensayadero <\/strong> est\u00e1n formadas por chicos y chicas que viven realidades personales y familiares complejas. En este proyecto encuentran una ilusi\u00f3n compartida, su momento de disfrute y un espacio de libertad donde se refuerzan la igualdad, el respeto y el trabajo en equipo. Desde su inicio en 2020, <strong style=\"color: #f28e7a; text-transform: uppercase; font-family: 'Montserrat', Sans-serif;\">El Ensayadero <\/strong> ha contado cada curso con dos bandas que crecen juntas, dentro y fuera del escenario.<\/p><p>En cada banda son ellos y ellas quienes eligen los instrumentos, definen el estilo musical, ponen nombre al grupo y \u00a1hasta han creado sus propias canciones, logos y videoclips!<\/p>\t\t\t\t\t\t\t\t<\/div>\n\t\t\t\t<\/div>\n\t\t<div class=\"elementor-element elementor-element-351cac9 e-con-full e-flex e-con e-child\" data-id=\"351cac9\" data-element_type=\"container\" data-settings=\"{&quot;background_background&quot;:&quot;classic&quot;}\">\n\t\t\t\t<div class=\"elementor-element elementor-element-07cf6eb elementor-widget elementor-widget-image\" data-id=\"07cf6eb\" data-element_type=\"widget\" data-widget_type=\"image.default\">\n\t\t\t\t\t\t\t\t\t\t\t\t\t\t\t<img fetchpriority=\"high\" decoding=\"async\" width=\"280\" height=\"210\" src=\"https:\/\/fundaciondoblesonrisa.com\/web2025\/wp-content\/uploads\/2025\/11\/el-ensayadero.png\" class=\"attachment-large size-large wp-image-28\" alt=\"el ensayadero\" \/>\t\t\t\t\t\t\t\t\t\t\t\t\t\t\t<\/div>\n\t\t\t\t<div class=\"elementor-element elementor-element-76e9111 elementor-widget elementor-widget-video\" data-id=\"76e9111\" data-element_type=\"widget\" data-settings=\"{&quot;youtube_url&quot;:&quot;https:\\\/\\\/www.youtube.com\\\/watch?v=h2txfF5NnLo&quot;,&quot;video_type&quot;:&quot;youtube&quot;,&quot;controls&quot;:&quot;yes&quot;}\" data-widget_type=\"video.default\">\n\t\t\t\t\t\t\t<div class=\"elementor-wrapper elementor-open-inline\">\n\t\t\t<div class=\"elementor-video\"><\/div>\t\t<\/div>\n\t\t\t\t\t\t<\/div>\n\t\t\t\t<\/div>\n\t\t\t\t<\/div>\n\t\t\t\t<\/div>\n\t\t","protected":false},"excerpt":{"rendered":"<p>El ensayadero El Ensayadero es un proyecto de inclusi\u00f3n social que utiliza la educaci\u00f3n musical como herramienta de transformaci\u00f3n para ni\u00f1os y ni\u00f1as en riesgo de exclusi\u00f3n en Vitoria-Gasteiz. Una actividad extraescolar dirigida a alumnado en situaci\u00f3n de vulnerabilidad que nace con un objetivo claro: \u2022 Combatir el abandono escolar\u2022 Promover la integraci\u00f3n\u2022 Generar nuevas [&hellip;]<\/p>\n","protected":false},"author":1,"featured_media":0,"parent":0,"menu_order":0,"comment_status":"closed","ping_status":"closed","template":"","meta":{"footnotes":""},"class_list":["post-875","page","type-page","status-publish","hentry"],"_links":{"self":[{"href":"https:\/\/fundaciondoblesonrisa.com\/web2025\/wp-json\/wp\/v2\/pages\/875","targetHints":{"allow":["GET"]}}],"collection":[{"href":"https:\/\/fundaciondoblesonrisa.com\/web2025\/wp-json\/wp\/v2\/pages"}],"about":[{"href":"https:\/\/fundaciondoblesonrisa.com\/web2025\/wp-json\/wp\/v2\/types\/page"}],"author":[{"embeddable":true,"href":"https:\/\/fundaciondoblesonrisa.com\/web2025\/wp-json\/wp\/v2\/users\/1"}],"replies":[{"embeddable":true,"href":"https:\/\/fundaciondoblesonrisa.com\/web2025\/wp-json\/wp\/v2\/comments?post=875"}],"version-history":[{"count":40,"href":"https:\/\/fundaciondoblesonrisa.com\/web2025\/wp-json\/wp\/v2\/pages\/875\/revisions"}],"predecessor-version":[{"id":1005,"href":"https:\/\/fundaciondoblesonrisa.com\/web2025\/wp-json\/wp\/v2\/pages\/875\/revisions\/1005"}],"wp:attachment":[{"href":"https:\/\/fundaciondoblesonrisa.com\/web2025\/wp-json\/wp\/v2\/media?parent=875"}],"curies":[{"name":"wp","href":"https:\/\/api.w.org\/{rel}","templated":true}]}}